{"id":14,"date":"2023-06-12T10:04:44","date_gmt":"2023-06-12T08:04:44","guid":{"rendered":"http:\/\/167.172.184.119:8080\/?page_id=14"},"modified":"2026-02-23T16:51:47","modified_gmt":"2026-02-23T15:51:47","slug":"strona-glowna","status":"publish","type":"page","link":"https:\/\/komfortakustyczny.pl\/","title":{"rendered":"Strona g\u0142\u00f3wna"},"content":{"rendered":"\n<div class=\"wp-block-cover alignfull\" id=\"baner\"><img loading=\"lazy\" decoding=\"async\" width=\"1911\" height=\"1088\" class=\"wp-block-cover__image-background wp-image-280\" alt=\"\" src=\"http:\/\/167.172.184.119:8080\/wp-content\/uploads\/2023\/07\/tlo_E.jpg\" data-object-fit=\"cover\" srcset=\"https:\/\/komfortakustyczny.pl\/wp-content\/uploads\/2023\/07\/tlo_E.jpg 1911w, https:\/\/komfortakustyczny.pl\/wp-content\/uploads\/2023\/07\/tlo_E-300x171.jpg 300w, https:\/\/komfortakustyczny.pl\/wp-content\/uploads\/2023\/07\/tlo_E-1024x583.jpg 1024w, https:\/\/komfortakustyczny.pl\/wp-content\/uploads\/2023\/07\/tlo_E-768x437.jpg 768w, https:\/\/komfortakustyczny.pl\/wp-content\/uploads\/2023\/07\/tlo_E-1536x874.jpg 1536w\" sizes=\"auto, (max-width: 1911px) 100vw, 1911px\" \/><span aria-hidden=\"true\" class=\"wp-block-cover__background has-background-dim-0 has-background-dim\"><\/span><div class=\"wp-block-cover__inner-container is-layout-flow wp-block-cover-is-layout-flow\">\n<div style=\"height:50px\" aria-hidden=\"true\" class=\"wp-block-spacer\"><\/div>\n\n\n\n<figure class=\"wp-block-image alignwide size-full\"><img loading=\"lazy\" decoding=\"async\" width=\"1218\" height=\"396\" src=\"https:\/\/komfortakustyczny.pl\/wp-content\/uploads\/2026\/02\/komfortakustyczny_schemat_cien_02.png\" alt=\"\" class=\"wp-image-414\" srcset=\"https:\/\/komfortakustyczny.pl\/wp-content\/uploads\/2026\/02\/komfortakustyczny_schemat_cien_02.png 1218w, https:\/\/komfortakustyczny.pl\/wp-content\/uploads\/2026\/02\/komfortakustyczny_schemat_cien_02-300x98.png 300w, https:\/\/komfortakustyczny.pl\/wp-content\/uploads\/2026\/02\/komfortakustyczny_schemat_cien_02-1024x333.png 1024w, https:\/\/komfortakustyczny.pl\/wp-content\/uploads\/2026\/02\/komfortakustyczny_schemat_cien_02-768x250.png 768w\" sizes=\"auto, (max-width: 1218px) 100vw, 1218px\" \/><\/figure>\n\n\n\n<div style=\"height:36px\" aria-hidden=\"true\" class=\"wp-block-spacer\"><\/div>\n\n\n\n<div class=\"wp-block-buttons is-content-justification-center is-layout-flex wp-container-core-buttons-is-layout-16018d1d wp-block-buttons-is-layout-flex\">\n<div class=\"wp-block-button\"><a class=\"wp-block-button__link has-neve-link-color-background-color has-background wp-element-button\" href=\"\/panel\/\">Przejd\u017a do generatora<\/a><\/div>\n<\/div>\n\n\n\n<div style=\"height:50px\" aria-hidden=\"true\" class=\"wp-block-spacer\"><\/div>\n<\/div><\/div>\n\n\n\n<div class=\"wp-block-cover alignfull\" style=\"min-height:600px;aspect-ratio:unset;\" id=\"jak-dziala-generator\"><span aria-hidden=\"true\" class=\"wp-block-cover__background has-nv-site-bg-background-color has-background-dim-100 has-background-dim\"><\/span><div class=\"wp-block-cover__inner-container is-layout-flow wp-block-cover-is-layout-flow\">\n<div class=\"wp-block-group\"><div class=\"wp-block-group__inner-container is-layout-flow wp-block-group-is-layout-flow\">\n<div style=\"height:80px\" aria-hidden=\"true\" class=\"wp-block-spacer\"><\/div>\n\n\n\n<div class=\"wp-block-columns are-vertically-aligned-center is-layout-flex wp-container-core-columns-is-layout-9d6595d7 wp-block-columns-is-layout-flex\">\n<div class=\"wp-block-column is-vertically-aligned-center is-layout-flow wp-block-column-is-layout-flow\" style=\"flex-basis:50%\">\n<h2 class=\"wp-block-heading has-text-align-left has-text-color\" style=\"color:#128386\">Jak dzia\u0142a generator<\/h2>\n\n\n\n<p class=\"has-text-align-left has-text-color\" style=\"color:#128386;font-size:17px\">Wprowad\u017a dane pomieszczenia, a system zaproponuje wyciszenie!<\/p>\n\n\n\n<div class=\"wp-block-buttons is-content-justification-left is-layout-flex wp-container-core-buttons-is-layout-fdcfc74e wp-block-buttons-is-layout-flex\"><\/div>\n\n\n\n<div style=\"height:40px\" aria-hidden=\"true\" class=\"wp-block-spacer\"><\/div>\n<\/div>\n\n\n\n<div class=\"wp-block-column is-vertically-aligned-center is-layout-flow wp-block-column-is-layout-flow\" style=\"flex-basis:50%\">\n<figure class=\"wp-block-image size-large\"><img loading=\"lazy\" decoding=\"async\" width=\"1024\" height=\"333\" src=\"https:\/\/komfortakustyczny.pl\/wp-content\/uploads\/2026\/02\/komfortakustyczny_schemat_cien_02-1024x333.png\" alt=\"\" class=\"wp-image-414\" srcset=\"https:\/\/komfortakustyczny.pl\/wp-content\/uploads\/2026\/02\/komfortakustyczny_schemat_cien_02-1024x333.png 1024w, https:\/\/komfortakustyczny.pl\/wp-content\/uploads\/2026\/02\/komfortakustyczny_schemat_cien_02-300x98.png 300w, https:\/\/komfortakustyczny.pl\/wp-content\/uploads\/2026\/02\/komfortakustyczny_schemat_cien_02-768x250.png 768w, https:\/\/komfortakustyczny.pl\/wp-content\/uploads\/2026\/02\/komfortakustyczny_schemat_cien_02.png 1218w\" sizes=\"auto, (max-width: 1024px) 100vw, 1024px\" \/><\/figure>\n<\/div>\n<\/div>\n\n\n\n<div style=\"height:40px\" aria-hidden=\"true\" class=\"wp-block-spacer\"><\/div>\n<\/div><\/div>\n<\/div><\/div>\n\n\n\n<div class=\"wp-block-cover alignfull is-light\" style=\"min-height:600px;aspect-ratio:unset;\" id=\"misja\"><span aria-hidden=\"true\" class=\"wp-block-cover__background has-background-dim-100 has-background-dim has-background-gradient\" style=\"background:linear-gradient(135deg,rgb(71,183,162) 0%,rgb(18,131,134) 100%)\"><\/span><div class=\"wp-block-cover__inner-container is-layout-flow wp-block-cover-is-layout-flow\">\n<div class=\"wp-block-group\"><div class=\"wp-block-group__inner-container is-layout-flow wp-block-group-is-layout-flow\">\n<div style=\"height:80px\" aria-hidden=\"true\" class=\"wp-block-spacer\"><\/div>\n\n\n\n<div class=\"wp-block-columns are-vertically-aligned-center is-layout-flex wp-container-core-columns-is-layout-9d6595d7 wp-block-columns-is-layout-flex\">\n<div class=\"wp-block-column is-vertically-aligned-center is-layout-flow wp-block-column-is-layout-flow\" style=\"flex-basis:50%\">\n<figure class=\"wp-block-image size-full\"><img loading=\"lazy\" decoding=\"async\" width=\"1024\" height=\"161\" src=\"http:\/\/167.172.184.119:8080\/wp-content\/uploads\/2025\/01\/Baner-na-strone.png\" alt=\"\" class=\"wp-image-320\" srcset=\"https:\/\/komfortakustyczny.pl\/wp-content\/uploads\/2025\/01\/Baner-na-strone.png 1024w, https:\/\/komfortakustyczny.pl\/wp-content\/uploads\/2025\/01\/Baner-na-strone-300x47.png 300w, https:\/\/komfortakustyczny.pl\/wp-content\/uploads\/2025\/01\/Baner-na-strone-768x121.png 768w\" sizes=\"auto, (max-width: 1024px) 100vw, 1024px\" \/><\/figure>\n<\/div>\n\n\n\n<div class=\"wp-block-column is-vertically-aligned-center is-layout-flow wp-block-column-is-layout-flow\" style=\"flex-basis:50%\">\n<div style=\"height:40px\" aria-hidden=\"true\" class=\"wp-block-spacer\"><\/div>\n\n\n\n<h2 class=\"wp-block-heading has-text-align-left has-nv-text-dark-bg-color has-text-color\">Nasza Misja<\/h2>\n\n\n\n<p class=\"has-text-align-left has-nv-text-dark-bg-color has-text-color\" style=\"font-size:17px\">Komfort Akustyczny Sp. z o.o. realizuje projekt dofinansowany z Funduszy Europejskich pod nazw\u0105: \u201eKomfortakustyczny.pl \u2013 sztuczna inteligencja dostarczaj\u0105ca skuteczn\u0105 ochron\u0119 przed ha\u0142asem dla ka\u017cdego\u201d.<br>Cel projektu to podniesienie komfortu akustycznego w pomieszczeniach zar\u00f3wno os\u00f3b prywatnych (mieszkania, domy) jak i klient\u00f3w biznesowych. Komfortakustyczny.pl to automatyczny system projektowania instalacji wyciszaj\u0105cych pomieszczenia za pomoc\u0105 algorytm\u00f3w m.in. sztucznej inteligencji w celu obni\u017cenia poziomu ha\u0142asu, a tak\u017ce obni\u017cenia czasu pog\u0142osu i podniesienia wska\u017anika transmisji mowy.<br>Dofinansowanie projektu z UE: 599 283.00 z\u0142<\/p>\n<\/div>\n<\/div>\n\n\n\n<div style=\"height:80px\" aria-hidden=\"true\" class=\"wp-block-spacer\"><\/div>\n<\/div><\/div>\n<\/div><\/div>\n\n\n\n<div class=\"wp-block-cover alignfull is-light\" style=\"min-height:300px;aspect-ratio:unset;\" id=\"kontakt\"><span aria-hidden=\"true\" class=\"wp-block-cover__background has-white-background-color has-background-dim-0 has-background-dim\"><\/span><div class=\"wp-block-cover__inner-container is-layout-flow wp-block-cover-is-layout-flow\">\n<div style=\"height:100px\" aria-hidden=\"true\" class=\"wp-block-spacer\"><\/div>\n\n\n\n<div class=\"wp-block-columns alignwide is-layout-flex wp-container-core-columns-is-layout-9d6595d7 wp-block-columns-is-layout-flex\">\n<div class=\"wp-block-column is-layout-flow wp-block-column-is-layout-flow\" style=\"flex-basis:20%\"><\/div>\n\n\n\n<div class=\"wp-block-column is-layout-flow wp-block-column-is-layout-flow\">\n<h2 class=\"wp-block-heading alignwide has-text-align-center has-text-color\" style=\"color:#128386\">Kontakt<\/h2>\n\n\n\n\n<div class=\"wpcf7 no-js\" id=\"wpcf7-f107-o1\" lang=\"pl-PL\" dir=\"ltr\">\n<div class=\"screen-reader-response\"><p role=\"status\" aria-live=\"polite\" aria-atomic=\"true\"><\/p> <ul><\/ul><\/div>\n<form action=\"\/index.php\/wp-json\/wp\/v2\/pages\/14#wpcf7-f107-o1\" method=\"post\" class=\"wpcf7-form init\" aria-label=\"Formularz kontaktowy\" novalidate=\"novalidate\" data-status=\"init\">\n<div style=\"display: none;\">\n<input type=\"hidden\" name=\"_wpcf7\" value=\"107\" \/>\n<input type=\"hidden\" name=\"_wpcf7_version\" value=\"5.7.7\" \/>\n<input type=\"hidden\" name=\"_wpcf7_locale\" value=\"pl_PL\" \/>\n<input type=\"hidden\" name=\"_wpcf7_unit_tag\" value=\"wpcf7-f107-o1\" \/>\n<input type=\"hidden\" name=\"_wpcf7_container_post\" value=\"0\" \/>\n<input type=\"hidden\" name=\"_wpcf7_posted_data_hash\" value=\"\" \/>\n<\/div>\n<p><label> Temat <\/label><br \/>\n<span class=\"wpcf7-form-control-wrap\" data-name=\"your-subject\"><input size=\"40\" class=\"wpcf7-form-control wpcf7-text wpcf7-validates-as-required\" aria-required=\"true\" aria-invalid=\"false\" value=\"\" type=\"text\" name=\"your-subject\" \/><\/span>\n<\/p>\n<p><label> E-mail <\/label><br \/>\n<span class=\"wpcf7-form-control-wrap\" data-name=\"your-email\"><input size=\"40\" class=\"wpcf7-form-control wpcf7-text wpcf7-email wpcf7-validates-as-required wpcf7-validates-as-email\" aria-required=\"true\" aria-invalid=\"false\" value=\"\" type=\"email\" name=\"your-email\" \/><\/span>\n<\/p>\n<p><label> Wiadomo\u015b\u0107 (opcjonalnie)<\/label><br \/>\n<span class=\"wpcf7-form-control-wrap\" data-name=\"your-message\"><textarea cols=\"40\" rows=\"10\" class=\"wpcf7-form-control wpcf7-textarea\" aria-invalid=\"false\" name=\"your-message\"><\/textarea><\/span>\n<\/p>\n<p><span class=\"wpcf7-form-control-wrap\" data-name=\"acceptance-941\"><span class=\"wpcf7-form-control wpcf7-acceptance\"><span class=\"wpcf7-list-item\"><label><input type=\"checkbox\" name=\"acceptance-941\" value=\"1\" aria-invalid=\"false\" \/><span class=\"wpcf7-list-item-label\">Wyra\u017cam zgod\u0119 na przetwarzanie podanych w powy\u017cszym formularzu danych osobowych w celach korespondencyjnych i na potrzeby kontaktu mailowego przedstawiciela firmy Komfort akustyczny<\/span><\/label><\/span><\/span><\/span>\n<\/p>\n<p><input class=\"wpcf7-form-control has-spinner wpcf7-submit\" type=\"submit\" value=\"Wy\u015blij\" \/>\n<\/p><div class=\"wpcf7-response-output\" aria-hidden=\"true\"><\/div>\n<\/form>\n<\/div>\n\n\n\n\n<div style=\"height:30px\" aria-hidden=\"true\" class=\"wp-block-spacer\"><\/div>\n\n\n\n<h3 class=\"wp-block-heading has-text-align-center has-neve-link-color-color has-text-color\">Masz pytanie?<\/h3>\n\n\n\n<p class=\"has-text-align-center has-neve-link-color-color has-text-color\"><strong>Skontaktuj si\u0119 z nami <a href=\"tel:655555555\" data-type=\"tel\" data-id=\"tel:655555555\">+48 734 408 668<\/a><\/strong><\/p>\n<\/div>\n\n\n\n<div class=\"wp-block-column is-layout-flow wp-block-column-is-layout-flow\" style=\"flex-basis:20%\"><\/div>\n<\/div>\n\n\n\n<div style=\"height:30px\" aria-hidden=\"true\" class=\"wp-block-spacer\"><\/div>\n<\/div><\/div>\n\n\n\n<p><\/p>\n","protected":false},"excerpt":{"rendered":"","protected":false},"author":1,"featured_media":0,"parent":0,"menu_order":0,"comment_status":"closed","ping_status":"closed","template":"","meta":{"neve_meta_sidebar":"","neve_meta_container":"","neve_meta_enable_content_width":"on","neve_meta_content_width":100,"neve_meta_title_alignment":"","neve_meta_author_avatar":"","neve_post_elements_order":"","neve_meta_disable_header":"","neve_meta_disable_footer":"","neve_meta_disable_title":"on","footnotes":""},"class_list":["post-14","page","type-page","status-publish","hentry"],"_links":{"self":[{"href":"https:\/\/komfortakustyczny.pl\/index.php\/wp-json\/wp\/v2\/pages\/14","targetHints":{"allow":["GET"]}}],"collection":[{"href":"https:\/\/komfortakustyczny.pl\/index.php\/wp-json\/wp\/v2\/pages"}],"about":[{"href":"https:\/\/komfortakustyczny.pl\/index.php\/wp-json\/wp\/v2\/types\/page"}],"author":[{"embeddable":true,"href":"https:\/\/komfortakustyczny.pl\/index.php\/wp-json\/wp\/v2\/users\/1"}],"replies":[{"embeddable":true,"href":"https:\/\/komfortakustyczny.pl\/index.php\/wp-json\/wp\/v2\/comments?post=14"}],"version-history":[{"count":116,"href":"https:\/\/komfortakustyczny.pl\/index.php\/wp-json\/wp\/v2\/pages\/14\/revisions"}],"predecessor-version":[{"id":424,"href":"https:\/\/komfortakustyczny.pl\/index.php\/wp-json\/wp\/v2\/pages\/14\/revisions\/424"}],"wp:attachment":[{"href":"https:\/\/komfortakustyczny.pl\/index.php\/wp-json\/wp\/v2\/media?parent=14"}],"curies":[{"name":"wp","href":"https:\/\/api.w.org\/{rel}","templated":true}]}}